{"id":965,"date":"2019-10-01T16:58:01","date_gmt":"2019-10-01T16:58:01","guid":{"rendered":"http:\/\/signexpo.hu\/?page_id=965"},"modified":"2024-11-18T15:54:03","modified_gmt":"2024-11-18T15:54:03","slug":"impresszum","status":"publish","type":"page","link":"https:\/\/signexpo.hu\/en\/impresszum\/","title":{"rendered":"Impresszum"},"content":{"rendered":"<div class=\"fusion-fullwidth fullwidth-box fusion-builder-row-1 fusion-flex-container hundred-percent-fullwidth non-hundred-percent-height-scrolling\" style=\"--awb-border-radius-top-left:0px;--awb-border-radius-top-right:0px;--awb-border-radius-bottom-right:0px;--awb-border-radius-bottom-left:0px;--awb-padding-top:0px;--awb-padding-right:0px;--awb-padding-bottom:0px;--awb-padding-left:5%;--awb-padding-top-small:60px;--awb-padding-right-small:5%;--awb-padding-left-small:5%;--awb-margin-bottom:0px;--awb-flex-wrap:wrap;\" ><div class=\"fusion-builder-row fusion-row fusion-flex-align-items-stretch fusion-flex-content-wrap\" style=\"width:104% !important;max-width:104% !important;margin-left: calc(-4% \/ 2 );margin-right: calc(-4% \/ 2 );\"><div class=\"fusion-layout-column fusion_builder_column fusion-builder-column-0 fusion_builder_column_1_2 1_2 fusion-flex-column fusion-no-small-visibility\" style=\"--awb-bg-image:url(&#039;http:\/\/signexpo.hu\/wp-content\/uploads\/2021\/12\/SignExpo-mobil-hatter.jpg&#039;);--awb-bg-position:left center;--awb-bg-size:cover;--awb-width-large:50%;--awb-margin-top-large:0px;--awb-spacing-right-large:3.84%;--awb-margin-bottom-large:0px;--awb-spacing-left-large:3.84%;--awb-width-medium:100%;--awb-order-medium:0;--awb-spacing-right-medium:1.92%;--awb-spacing-left-medium:1.92%;--awb-width-small:100%;--awb-order-small:0;--awb-spacing-right-small:1.92%;--awb-spacing-left-small:1.92%;\"><div class=\"fusion-column-wrapper fusion-column-has-shadow fusion-flex-justify-content-flex-start fusion-content-layout-column fusion-column-has-bg-image\" data-bg-url=\"http:\/\/signexpo.hu\/wp-content\/uploads\/2021\/12\/SignExpo-mobil-hatter.jpg\"><div class=\"fusion-image-element\" style=\"--awb-caption-title-font-family:var(--h2_typography-font-family);--awb-caption-title-font-weight:var(--h2_typography-font-weight);--awb-caption-title-font-style:var(--h2_typography-font-style);--awb-caption-title-size:var(--h2_typography-font-size);--awb-caption-title-transform:var(--h2_typography-text-transform);--awb-caption-title-line-height:var(--h2_typography-line-height);--awb-caption-title-letter-spacing:var(--h2_typography-letter-spacing);\"><span class=\"fusion-imageframe imageframe-none imageframe-1 hover-type-none\"><img decoding=\"async\" width=\"1000\" height=\"609\" title=\"SignExpo-mobil-hatter\" src=\"http:\/\/signexpo.hu\/wp-content\/uploads\/2024\/11\/SignExpo-mobil-hatter-e1731917906237.png\" alt class=\"img-responsive wp-image-3123\" srcset=\"https:\/\/signexpo.hu\/wp-content\/uploads\/2024\/11\/SignExpo-mobil-hatter-e1731917906237-200x122.png 200w, https:\/\/signexpo.hu\/wp-content\/uploads\/2024\/11\/SignExpo-mobil-hatter-e1731917906237-400x244.png 400w, https:\/\/signexpo.hu\/wp-content\/uploads\/2024\/11\/SignExpo-mobil-hatter-e1731917906237-600x365.png 600w, https:\/\/signexpo.hu\/wp-content\/uploads\/2024\/11\/SignExpo-mobil-hatter-e1731917906237-800x487.png 800w, https:\/\/signexpo.hu\/wp-content\/uploads\/2024\/11\/SignExpo-mobil-hatter-e1731917906237.png 1000w\" sizes=\"(max-width: 1024px) 100vw, (max-width: 640px) 100vw, 600px\" \/><\/span><\/div><\/div><\/div><div class=\"fusion-layout-column fusion_builder_column fusion-builder-column-1 fusion_builder_column_1_2 1_2 fusion-flex-column\" style=\"--awb-padding-bottom:60px;--awb-bg-size:cover;--awb-width-large:50%;--awb-margin-top-large:0px;--awb-spacing-right-large:3.84%;--awb-margin-bottom-large:0px;--awb-spacing-left-large:3.84%;--awb-width-medium:100%;--awb-order-medium:0;--awb-spacing-right-medium:1.92%;--awb-spacing-left-medium:1.92%;--awb-width-small:100%;--awb-order-small:0;--awb-spacing-right-small:1.92%;--awb-spacing-left-small:1.92%;\"><div class=\"fusion-column-wrapper fusion-column-has-shadow fusion-flex-justify-content-flex-start fusion-content-layout-column\"><div class=\"fusion-separator fusion-no-small-visibility fusion-full-width-sep\" style=\"align-self: center;margin-left: auto;margin-right: auto;margin-top:85px;width:100%;\"><\/div><div class=\"fusion-text fusion-text-1\"><p style=\"text-align: center;\"><strong>BTL News Kft.<\/strong><\/p>\n<p style=\"text-align: center;\">Address:\u00a0 Pacsirta u. 115,. 2132 G\u00f6d Hungary<br \/>\nTel.:\u00a0 +36 27 641 321<\/p>\n<p style=\"text-align: center;\"><a href=\"mailto:info@magyarsign.hu\">info@magyarsign.hu<\/a><\/p>\n<\/div><div class=\"fusion-separator fusion-full-width-sep\" style=\"align-self: center;margin-left: auto;margin-right: auto;margin-top:15px;margin-bottom:15px;width:100%;\"><\/div><div class=\"fusion-builder-row fusion-builder-row-inner fusion-row fusion-flex-align-items-stretch fusion-flex-content-wrap\" style=\"width:104% !important;max-width:104% !important;margin-left: calc(-4% \/ 2 );margin-right: calc(-4% \/ 2 );\"><div class=\"fusion-layout-column fusion_builder_column_inner fusion-builder-nested-column-0 fusion_builder_column_inner_1_2 1_2 fusion-flex-column\" style=\"--awb-bg-size:cover;--awb-width-large:50%;--awb-margin-top-large:0px;--awb-spacing-right-large:3.84%;--awb-margin-bottom-large:0px;--awb-spacing-left-large:3.84%;--awb-width-medium:100%;--awb-order-medium:0;--awb-spacing-right-medium:1.92%;--awb-spacing-left-medium:1.92%;--awb-width-small:100%;--awb-order-small:0;--awb-spacing-right-small:1.92%;--awb-spacing-left-small:1.92%;\"><div class=\"fusion-column-wrapper fusion-column-has-shadow fusion-flex-justify-content-flex-start fusion-content-layout-column\"><div class=\"fusion-text fusion-text-2\"><p style=\"text-align: center;\"><strong>V\u00e1radi Anita - main organizer<\/strong><br \/>\nTel.: +36 27\/641 -321<br \/>\nE-mail: <a href=\"mailto:varadi.anita@magyarsign.hu\">varadi.anita@magyarsign.hu<\/a><\/p>\n<\/div><\/div><\/div><div class=\"fusion-layout-column fusion_builder_column_inner fusion-builder-nested-column-1 fusion_builder_column_inner_1_2 1_2 fusion-flex-column\" style=\"--awb-bg-size:cover;--awb-width-large:50%;--awb-margin-top-large:0px;--awb-spacing-right-large:3.84%;--awb-margin-bottom-large:0px;--awb-spacing-left-large:3.84%;--awb-width-medium:100%;--awb-order-medium:0;--awb-spacing-right-medium:1.92%;--awb-spacing-left-medium:1.92%;--awb-width-small:100%;--awb-order-small:0;--awb-spacing-right-small:1.92%;--awb-spacing-left-small:1.92%;\"><div class=\"fusion-column-wrapper fusion-column-has-shadow fusion-flex-justify-content-flex-start fusion-content-layout-column\"><div class=\"fusion-text fusion-text-3\"><p style=\"text-align: center;\"><strong>Zolt\u00e1n Kiss \u2013 exhibition director<br \/>\n<\/strong>Tel.: +36 20\/266-1969<br \/>\nE-mail: <a href=\"mailto:ppdsignexpo@gmail.com\">ppdsignexpo@gmail.com<\/a><\/p>\n<\/div><\/div><\/div><\/div><\/div><\/div><\/div><\/div>","protected":false},"excerpt":{"rendered":"","protected":false},"author":3,"featured_media":0,"parent":0,"menu_order":0,"comment_status":"closed","ping_status":"closed","template":"100-width.php","meta":{"footnotes":""},"class_list":["post-965","page","type-page","status-publish","hentry"],"yoast_head":"<!-- This site is optimized with the Yoast SEO plugin v27.5 - https:\/\/yoast.com\/product\/yoast-seo-wordpress\/ -->\n<title>Impresszum - SignExpo<\/title>\n<meta name=\"robots\" content=\"index, follow, max-snippet:-1, max-image-preview:large, max-video-preview:-1\" \/>\n<link rel=\"canonical\" href=\"https:\/\/signexpo.hu\/en\/impresszum\/\" \/>\n<meta property=\"og:locale\" content=\"en_US\" \/>\n<meta property=\"og:type\" content=\"article\" \/>\n<meta property=\"og:title\" content=\"Impresszum - SignExpo\" \/>\n<meta property=\"og:url\" content=\"https:\/\/signexpo.hu\/en\/impresszum\/\" \/>\n<meta property=\"og:site_name\" content=\"SignExpo\" \/>\n<meta property=\"article:modified_time\" content=\"2024-11-18T15:54:03+00:00\" \/>\n<meta name=\"twitter:card\" content=\"summary_large_image\" \/>\n<meta name=\"twitter:label1\" content=\"Est. reading time\" \/>\n\t<meta name=\"twitter:data1\" content=\"4 minutes\" \/>\n<script type=\"application\/ld+json\" class=\"yoast-schema-graph\">{\"@context\":\"https:\\\/\\\/schema.org\",\"@graph\":[{\"@type\":\"WebPage\",\"@id\":\"https:\\\/\\\/signexpo.hu\\\/impresszum\\\/\",\"url\":\"https:\\\/\\\/signexpo.hu\\\/impresszum\\\/\",\"name\":\"Impresszum - SignExpo\",\"isPartOf\":{\"@id\":\"https:\\\/\\\/signexpo.hu\\\/#website\"},\"datePublished\":\"2019-10-01T16:58:01+00:00\",\"dateModified\":\"2024-11-18T15:54:03+00:00\",\"breadcrumb\":{\"@id\":\"https:\\\/\\\/signexpo.hu\\\/impresszum\\\/#breadcrumb\"},\"inLanguage\":\"en-US\",\"potentialAction\":[{\"@type\":\"ReadAction\",\"target\":[\"https:\\\/\\\/signexpo.hu\\\/impresszum\\\/\"]}]},{\"@type\":\"BreadcrumbList\",\"@id\":\"https:\\\/\\\/signexpo.hu\\\/impresszum\\\/#breadcrumb\",\"itemListElement\":[{\"@type\":\"ListItem\",\"position\":1,\"name\":\"Home\",\"item\":\"https:\\\/\\\/signexpo.hu\\\/\"},{\"@type\":\"ListItem\",\"position\":2,\"name\":\"Impresszum\"}]},{\"@type\":\"WebSite\",\"@id\":\"https:\\\/\\\/signexpo.hu\\\/#website\",\"url\":\"https:\\\/\\\/signexpo.hu\\\/\",\"name\":\"SignExpo\",\"description\":\"Rekl\u00e1mdekor\u00e1ci\u00f3s Szakki\u00e1ll\u00edt\u00e1s\",\"potentialAction\":[{\"@type\":\"SearchAction\",\"target\":{\"@type\":\"EntryPoint\",\"urlTemplate\":\"https:\\\/\\\/signexpo.hu\\\/?s={search_term_string}\"},\"query-input\":{\"@type\":\"PropertyValueSpecification\",\"valueRequired\":true,\"valueName\":\"search_term_string\"}}],\"inLanguage\":\"en-US\"}]}<\/script>\n<!-- \/ Yoast SEO plugin. -->","yoast_head_json":{"title":"Impresszum - SignExpo","robots":{"index":"index","follow":"follow","max-snippet":"max-snippet:-1","max-image-preview":"max-image-preview:large","max-video-preview":"max-video-preview:-1"},"canonical":"https:\/\/signexpo.hu\/en\/impresszum\/","og_locale":"en_US","og_type":"article","og_title":"Impresszum - SignExpo","og_url":"https:\/\/signexpo.hu\/en\/impresszum\/","og_site_name":"SignExpo","article_modified_time":"2024-11-18T15:54:03+00:00","twitter_card":"summary_large_image","twitter_misc":{"Est. reading time":"4 minutes"},"schema":{"@context":"https:\/\/schema.org","@graph":[{"@type":"WebPage","@id":"https:\/\/signexpo.hu\/impresszum\/","url":"https:\/\/signexpo.hu\/impresszum\/","name":"Impresszum - SignExpo","isPartOf":{"@id":"https:\/\/signexpo.hu\/#website"},"datePublished":"2019-10-01T16:58:01+00:00","dateModified":"2024-11-18T15:54:03+00:00","breadcrumb":{"@id":"https:\/\/signexpo.hu\/impresszum\/#breadcrumb"},"inLanguage":"en-US","potentialAction":[{"@type":"ReadAction","target":["https:\/\/signexpo.hu\/impresszum\/"]}]},{"@type":"BreadcrumbList","@id":"https:\/\/signexpo.hu\/impresszum\/#breadcrumb","itemListElement":[{"@type":"ListItem","position":1,"name":"Home","item":"https:\/\/signexpo.hu\/"},{"@type":"ListItem","position":2,"name":"Impresszum"}]},{"@type":"WebSite","@id":"https:\/\/signexpo.hu\/#website","url":"https:\/\/signexpo.hu\/","name":"SignExpo","description":"Advertising decoration\nexhibition","potentialAction":[{"@type":"SearchAction","target":{"@type":"EntryPoint","urlTemplate":"https:\/\/signexpo.hu\/?s={search_term_string}"},"query-input":{"@type":"PropertyValueSpecification","valueRequired":true,"valueName":"search_term_string"}}],"inLanguage":"en-US"}]}},"_links":{"self":[{"href":"https:\/\/signexpo.hu\/en\/wp-json\/wp\/v2\/pages\/965","targetHints":{"allow":["GET"]}}],"collection":[{"href":"https:\/\/signexpo.hu\/en\/wp-json\/wp\/v2\/pages"}],"about":[{"href":"https:\/\/signexpo.hu\/en\/wp-json\/wp\/v2\/types\/page"}],"author":[{"embeddable":true,"href":"https:\/\/signexpo.hu\/en\/wp-json\/wp\/v2\/users\/3"}],"replies":[{"embeddable":true,"href":"https:\/\/signexpo.hu\/en\/wp-json\/wp\/v2\/comments?post=965"}],"version-history":[{"count":11,"href":"https:\/\/signexpo.hu\/en\/wp-json\/wp\/v2\/pages\/965\/revisions"}],"predecessor-version":[{"id":3203,"href":"https:\/\/signexpo.hu\/en\/wp-json\/wp\/v2\/pages\/965\/revisions\/3203"}],"wp:attachment":[{"href":"https:\/\/signexpo.hu\/en\/wp-json\/wp\/v2\/media?parent=965"}],"curies":[{"name":"wp","href":"https:\/\/api.w.org\/{rel}","templated":true}]}}