{"id":15266,"date":"2025-10-05T09:20:21","date_gmt":"2025-10-05T09:20:21","guid":{"rendered":"https:\/\/signexpo.hu\/?page_id=15266"},"modified":"2025-10-05T09:35:53","modified_gmt":"2025-10-05T09:35:53","slug":"kiallitoi-katalogus","status":"publish","type":"page","link":"https:\/\/signexpo.hu\/en\/kiallitoi-katalogus\/","title":{"rendered":"Katal\u00f3gus"},"content":{"rendered":"<p><div class=\"fusion-fullwidth fullwidth-box fusion-builder-row-1 fusion-flex-container nonhundred-percent-fullwidth non-hundred-percent-height-scrolling\" style=\"--awb-border-radius-top-left:0px;--awb-border-radius-top-right:0px;--awb-border-radius-bottom-right:0px;--awb-border-radius-bottom-left:0px;--awb-flex-wrap:wrap;\" ><div class=\"fusion-builder-row fusion-row fusion-flex-align-items-flex-start fusion-flex-content-wrap\" style=\"max-width:1216.8px;margin-left: calc(-4% \/ 2 );margin-right: calc(-4% \/ 2 );\"><div class=\"fusion-layout-column fusion_builder_column fusion-builder-column-0 fusion_builder_column_1_1 1_1 fusion-flex-column\" style=\"--awb-bg-size:cover;--awb-width-large:100%;--awb-margin-top-large:0px;--awb-spacing-right-large:1.92%;--awb-margin-bottom-large:0px;--awb-spacing-left-large:1.92%;--awb-width-medium:100%;--awb-order-medium:0;--awb-spacing-right-medium:1.92%;--awb-spacing-left-medium:1.92%;--awb-width-small:100%;--awb-order-small:0;--awb-spacing-right-small:1.92%;--awb-spacing-left-small:1.92%;\"><div class=\"fusion-column-wrapper fusion-column-has-shadow fusion-flex-justify-content-flex-start fusion-content-layout-column\"><div class=\"fusion-separator fusion-full-width-sep\" style=\"align-self: center;margin-left: auto;margin-right: auto;margin-top:30px;margin-bottom:10px;width:100%;\"><\/div><div class=\"fusion-text fusion-text-1\"><h2 style=\"text-align: center;\"><strong>PPDexpo \u00e9s <\/strong><strong>SignExpo ki\u00e1ll\u00edt\u00f3k &#8211; 2025.<\/strong><\/h2>\n<\/div><div class=\"fusion-text fusion-text-2\"><h4 style=\"text-align: center;\">R\u00e9szletek\u00e9rt, kattints a ki\u00e1ll\u00edt\u00f3ra!<\/h4>\n<\/div><div class=\"fusion-text fusion-text-3\"><h4 style=\"text-align: center;\"><span style=\"color: #ff0000;\">A\u00a0 <strong data-start=\"59\" data-end=\"90\">standok azonos\u00edt\u00f3i <\/strong><\/span><span style=\"color: #ff0000;\">piros sz\u00ednnel jel\u00f6lve<\/span><span style=\"color: #ff0000;\">.<\/span><\/h4>\n<\/div><div class=\"fusion-separator fusion-full-width-sep\" style=\"align-self: center;margin-left: auto;margin-right: auto;margin-top:10px;margin-bottom:10px;width:100%;\"><\/div><div style=\"text-align:center;\"><a class=\"fusion-button button-flat button-xlarge button-default fusion-button-default button-1 fusion-button-default-span fusion-button-default-type\" target=\"_blank\" rel=\"noopener noreferrer\" href=\"http:\/\/signexpo.hu\/wp-content\/uploads\/2025\/10\/csarnokrajz.pdf\"><i class=\"fa-map-marked-alt fas awb-button__icon awb-button__icon--default button-icon-left\" aria-hidden=\"true\"><\/i><span class=\"fusion-button-text awb-button__text awb-button__text--default\">Ki\u00e1ll\u00edt\u00f3i ter\u00fclet alaprajz\u00e1nak megtekint\u00e9se<\/span><\/a><\/div><div class=\"fusion-separator fusion-full-width-sep\" style=\"align-self: center;margin-left: auto;margin-right: auto;margin-top:30px;margin-bottom:30px;width:100%;\"><\/div><\/div><\/div><\/div><\/div><div class=\"fusion-fullwidth fullwidth-box fusion-builder-row-2 fusion-flex-container has-pattern-background has-mask-background nonhundred-percent-fullwidth non-hundred-percent-height-scrolling\" style=\"--awb-border-radius-top-left:0px;--awb-border-radius-top-right:0px;--awb-border-radius-bottom-right:0px;--awb-border-radius-bottom-left:0px;--awb-overflow:auto;--awb-padding-top-small:0px;--awb-padding-right-small:auto;--awb-padding-bottom-small:0px;--awb-padding-left-small:auto;--awb-flex-wrap:wrap;--awb-flex-wrap-small:wrap;\" ><div class=\"fusion-builder-row fusion-row fusion-flex-align-items-flex-start fusion-flex-content-wrap\" style=\"max-width:1216.8px;margin-left: calc(-4% \/ 2 );margin-right: calc(-4% \/ 2 );\"><div class=\"fusion-layout-column fusion_builder_column fusion-builder-column-1 fusion_builder_column_1_1 1_1 fusion-flex-column\" style=\"--awb-bg-size:cover;--awb-width-large:100%;--awb-margin-top-large:0px;--awb-spacing-right-large:1.92%;--awb-margin-bottom-large:0px;--awb-spacing-left-large:1.92%;--awb-width-medium:100%;--awb-order-medium:0;--awb-spacing-right-medium:1.92%;--awb-spacing-left-medium:1.92%;--awb-width-small:100%;--awb-order-small:0;--awb-spacing-right-small:1.92%;--awb-spacing-left-small:1.92%;\" data-scroll-devices=\"small-visibility,medium-visibility,large-visibility\"><div class=\"fusion-column-wrapper fusion-column-has-shadow fusion-flex-justify-content-flex-start fusion-content-layout-row\"><div class=\"fusion-text fusion-text-4\">\n<\/div><\/div><\/div><\/div><\/div><\/p>","protected":false},"excerpt":{"rendered":"","protected":false},"author":3,"featured_media":0,"parent":0,"menu_order":0,"comment_status":"closed","ping_status":"closed","template":"100-width.php","meta":{"footnotes":""},"class_list":["post-15266","page","type-page","status-publish","hentry"],"yoast_head":"<!-- This site is optimized with the Yoast SEO plugin v27.5 - https:\/\/yoast.com\/product\/yoast-seo-wordpress\/ -->\n<title>Katal\u00f3gus - SignExpo<\/title>\n<meta name=\"robots\" content=\"index, follow, max-snippet:-1, max-image-preview:large, max-video-preview:-1\" \/>\n<link rel=\"canonical\" href=\"https:\/\/signexpo.hu\/en\/kiallitoi-katalogus\/\" \/>\n<meta property=\"og:locale\" content=\"en_US\" \/>\n<meta property=\"og:type\" content=\"article\" \/>\n<meta property=\"og:title\" content=\"Katal\u00f3gus - SignExpo\" \/>\n<meta property=\"og:url\" content=\"https:\/\/signexpo.hu\/en\/kiallitoi-katalogus\/\" \/>\n<meta property=\"og:site_name\" content=\"SignExpo\" \/>\n<meta property=\"article:modified_time\" content=\"2025-10-05T09:35:53+00:00\" \/>\n<meta name=\"twitter:card\" content=\"summary_large_image\" \/>\n<meta name=\"twitter:label1\" content=\"Est. reading time\" \/>\n\t<meta name=\"twitter:data1\" content=\"1 minute\" \/>\n<script type=\"application\/ld+json\" class=\"yoast-schema-graph\">{\"@context\":\"https:\\\/\\\/schema.org\",\"@graph\":[{\"@type\":\"WebPage\",\"@id\":\"https:\\\/\\\/signexpo.hu\\\/kiallitoi-katalogus\\\/\",\"url\":\"https:\\\/\\\/signexpo.hu\\\/kiallitoi-katalogus\\\/\",\"name\":\"Katal\u00f3gus - SignExpo\",\"isPartOf\":{\"@id\":\"https:\\\/\\\/signexpo.hu\\\/#website\"},\"datePublished\":\"2025-10-05T09:20:21+00:00\",\"dateModified\":\"2025-10-05T09:35:53+00:00\",\"breadcrumb\":{\"@id\":\"https:\\\/\\\/signexpo.hu\\\/kiallitoi-katalogus\\\/#breadcrumb\"},\"inLanguage\":\"en-US\",\"potentialAction\":[{\"@type\":\"ReadAction\",\"target\":[\"https:\\\/\\\/signexpo.hu\\\/kiallitoi-katalogus\\\/\"]}]},{\"@type\":\"BreadcrumbList\",\"@id\":\"https:\\\/\\\/signexpo.hu\\\/kiallitoi-katalogus\\\/#breadcrumb\",\"itemListElement\":[{\"@type\":\"ListItem\",\"position\":1,\"name\":\"Home\",\"item\":\"https:\\\/\\\/signexpo.hu\\\/\"},{\"@type\":\"ListItem\",\"position\":2,\"name\":\"Katal\u00f3gus\"}]},{\"@type\":\"WebSite\",\"@id\":\"https:\\\/\\\/signexpo.hu\\\/#website\",\"url\":\"https:\\\/\\\/signexpo.hu\\\/\",\"name\":\"SignExpo\",\"description\":\"Rekl\u00e1mdekor\u00e1ci\u00f3s Szakki\u00e1ll\u00edt\u00e1s\",\"potentialAction\":[{\"@type\":\"SearchAction\",\"target\":{\"@type\":\"EntryPoint\",\"urlTemplate\":\"https:\\\/\\\/signexpo.hu\\\/?s={search_term_string}\"},\"query-input\":{\"@type\":\"PropertyValueSpecification\",\"valueRequired\":true,\"valueName\":\"search_term_string\"}}],\"inLanguage\":\"en-US\"}]}<\/script>\n<!-- \/ Yoast SEO plugin. -->","yoast_head_json":{"title":"Katal\u00f3gus - SignExpo","robots":{"index":"index","follow":"follow","max-snippet":"max-snippet:-1","max-image-preview":"max-image-preview:large","max-video-preview":"max-video-preview:-1"},"canonical":"https:\/\/signexpo.hu\/en\/kiallitoi-katalogus\/","og_locale":"en_US","og_type":"article","og_title":"Katal\u00f3gus - SignExpo","og_url":"https:\/\/signexpo.hu\/en\/kiallitoi-katalogus\/","og_site_name":"SignExpo","article_modified_time":"2025-10-05T09:35:53+00:00","twitter_card":"summary_large_image","twitter_misc":{"Est. reading time":"1 minute"},"schema":{"@context":"https:\/\/schema.org","@graph":[{"@type":"WebPage","@id":"https:\/\/signexpo.hu\/kiallitoi-katalogus\/","url":"https:\/\/signexpo.hu\/kiallitoi-katalogus\/","name":"Katal\u00f3gus - SignExpo","isPartOf":{"@id":"https:\/\/signexpo.hu\/#website"},"datePublished":"2025-10-05T09:20:21+00:00","dateModified":"2025-10-05T09:35:53+00:00","breadcrumb":{"@id":"https:\/\/signexpo.hu\/kiallitoi-katalogus\/#breadcrumb"},"inLanguage":"en-US","potentialAction":[{"@type":"ReadAction","target":["https:\/\/signexpo.hu\/kiallitoi-katalogus\/"]}]},{"@type":"BreadcrumbList","@id":"https:\/\/signexpo.hu\/kiallitoi-katalogus\/#breadcrumb","itemListElement":[{"@type":"ListItem","position":1,"name":"Home","item":"https:\/\/signexpo.hu\/"},{"@type":"ListItem","position":2,"name":"Katal\u00f3gus"}]},{"@type":"WebSite","@id":"https:\/\/signexpo.hu\/#website","url":"https:\/\/signexpo.hu\/","name":"SignExpo","description":"Advertising decoration\nexhibition","potentialAction":[{"@type":"SearchAction","target":{"@type":"EntryPoint","urlTemplate":"https:\/\/signexpo.hu\/?s={search_term_string}"},"query-input":{"@type":"PropertyValueSpecification","valueRequired":true,"valueName":"search_term_string"}}],"inLanguage":"en-US"}]}},"_links":{"self":[{"href":"https:\/\/signexpo.hu\/en\/wp-json\/wp\/v2\/pages\/15266","targetHints":{"allow":["GET"]}}],"collection":[{"href":"https:\/\/signexpo.hu\/en\/wp-json\/wp\/v2\/pages"}],"about":[{"href":"https:\/\/signexpo.hu\/en\/wp-json\/wp\/v2\/types\/page"}],"author":[{"embeddable":true,"href":"https:\/\/signexpo.hu\/en\/wp-json\/wp\/v2\/users\/3"}],"replies":[{"embeddable":true,"href":"https:\/\/signexpo.hu\/en\/wp-json\/wp\/v2\/comments?post=15266"}],"version-history":[{"count":7,"href":"https:\/\/signexpo.hu\/en\/wp-json\/wp\/v2\/pages\/15266\/revisions"}],"predecessor-version":[{"id":15276,"href":"https:\/\/signexpo.hu\/en\/wp-json\/wp\/v2\/pages\/15266\/revisions\/15276"}],"wp:attachment":[{"href":"https:\/\/signexpo.hu\/en\/wp-json\/wp\/v2\/media?parent=15266"}],"curies":[{"name":"wp","href":"https:\/\/api.w.org\/{rel}","templated":true}]}}